{"id":361,"date":"2023-04-02T16:53:23","date_gmt":"2023-04-02T16:53:23","guid":{"rendered":"https:\/\/stern-weingarten.de\/?page_id=361"},"modified":"2023-04-03T14:15:03","modified_gmt":"2023-04-03T14:15:03","slug":"stellenangebote","status":"publish","type":"page","link":"https:\/\/stern-weingarten.de\/index.php\/stellenangebote\/","title":{"rendered":"Stellenangebote"},"content":{"rendered":"\n<p>Wir suchen derzeit eine K\u00f6chin \/ Koch, eine K\u00fcchenhilfe und zwei Service-Kr\u00e4fte. Einzelheiten siehe unten<\/p>\n\n\n\n<p>Der &#8222;STERN&#8220; zu Weingarten sucht K\u00fcchenpersonal!<\/p>\n\n\n\n<p><strong>Bewerben Sie sich bei uns als K\u00f6chin \/ Koch!<\/strong><\/p>\n\n\n\n<h2 class=\"wp-block-heading\">Koch \/ K\u00f6chin (m\/w\/d) <\/h2>\n\n\n\n<p>Vollzeit, Arbeitszeit: 40h \/ Woche 10:00 \u2013 14:00 Teildienst, ab 17:30 bis 22.00 Uhr<\/p>\n\n\n\n<p><strong>Stellenbeschreibung<\/strong>: <\/p>\n\n\n\n<ul class=\"wp-block-list\">\n<li>deutsch-italienische K\u00fcche, b\u00fcrgerlich gehoben<\/li>\n\n\n\n<li>Nur ausgebildete Kr\u00e4fte, gern Jungkoch<\/li>\n\n\n\n<li>Sprachen: deutsch, englisch oder italienisch<\/li>\n<\/ul>\n\n\n\n<p><strong>Unsere Leistungen f\u00fcr Sie: <\/strong><\/p>\n\n\n\n<ul class=\"wp-block-list\">\n<li>Verpflegung zus\u00e4tzlich zum Lohn, Unterkunft vor Ort kann vermittelt werden<\/li>\n\n\n\n<li>Gute Bezahlung, freundliche Umgebung, Chance, sich einen Namen zu machen mit einem jungen Team,<\/li>\n\n\n\n<li>langfristige Perspektive, eingef\u00fchrtes Haus<\/li>\n<\/ul>\n\n\n\n<p><a href=\"https:\/\/stern-weingarten.de\/index.php\/kontakt\/\" data-type=\"page\" data-id=\"112\">Kontaktieren Sie uns hier<\/a><\/p>\n\n\n\n<h2 class=\"wp-block-heading\">Servicekraft (m\/w\/d)<\/h2>\n\n\n\n<p>Wir suchen Servicekr\u00e4fte (Gastronomie, Bedienung) <br>Zeit meist von 11:00 Uhr bis 14:30, 17:00 \u2013 22:30 Uhr; <\/p>\n\n\n\n<p>Verpflegung zus\u00e4tzlich zum Lohn, Unterkunft vor Ort kann vermittelt werden<\/p>\n\n\n\n<p><a href=\"https:\/\/stern-weingarten.de\/index.php\/kontakt\/\" data-type=\"page\" data-id=\"112\">Kontaktieren Sie uns hier<\/a><\/p>\n\n\n\n<h2 class=\"wp-block-heading\">K\u00fcchenhilfe (m\/w\/d)<\/h2>\n\n\n\n<p>K\u00fcchenhelfer*innen, in Vollzeit 40h. <\/p>\n\n\n\n<p>Verpflegung zus\u00e4tzlich zum Lohn<br>Unterkunft vor Ort kann vermittelt werden<\/p>\n\n\n\n<p><a href=\"https:\/\/stern-weingarten.de\/index.php\/kontakt\/\" data-type=\"page\" data-id=\"112\">Kontaktieren Sie uns hier<\/a><\/p>\n","protected":false},"excerpt":{"rendered":"<p>Wir suchen derzeit eine K\u00f6chin \/ Koch, eine K\u00fcchenhilfe und zwei Service-Kr\u00e4fte. Einzelheiten siehe unten Der &#8222;STERN&#8220; zu Weingarten sucht K\u00fcchenpersonal! Bewerben Sie sich bei uns als K\u00f6chin \/ Koch! Koch \/ K\u00f6chin (m\/w\/d) Vollzeit, Arbeitszeit: 40h \/ Woche 10:00 \u2013 14:00 Teildienst, ab 17:30 bis 22.00 Uhr Stellenbeschreibung: Unsere Leistungen f\u00fcr Sie: Kontaktieren Sie &hellip; <\/p>\n<p class=\"link-more\"><a href=\"https:\/\/stern-weingarten.de\/index.php\/stellenangebote\/\" class=\"more-link\"><span class=\"screen-reader-text\">\u201eStellenangebote\u201c<\/span> weiterlesen<\/a><\/p>\n","protected":false},"author":1,"featured_media":0,"parent":0,"menu_order":0,"comment_status":"closed","ping_status":"closed","template":"","meta":{"footnotes":""},"class_list":["post-361","page","type-page","status-publish","hentry"],"_links":{"self":[{"href":"https:\/\/stern-weingarten.de\/index.php\/wp-json\/wp\/v2\/pages\/361","targetHints":{"allow":["GET"]}}],"collection":[{"href":"https:\/\/stern-weingarten.de\/index.php\/wp-json\/wp\/v2\/pages"}],"about":[{"href":"https:\/\/stern-weingarten.de\/index.php\/wp-json\/wp\/v2\/types\/page"}],"author":[{"embeddable":true,"href":"https:\/\/stern-weingarten.de\/index.php\/wp-json\/wp\/v2\/users\/1"}],"replies":[{"embeddable":true,"href":"https:\/\/stern-weingarten.de\/index.php\/wp-json\/wp\/v2\/comments?post=361"}],"version-history":[{"count":3,"href":"https:\/\/stern-weingarten.de\/index.php\/wp-json\/wp\/v2\/pages\/361\/revisions"}],"predecessor-version":[{"id":370,"href":"https:\/\/stern-weingarten.de\/index.php\/wp-json\/wp\/v2\/pages\/361\/revisions\/370"}],"wp:attachment":[{"href":"https:\/\/stern-weingarten.de\/index.php\/wp-json\/wp\/v2\/media?parent=361"}],"curies":[{"name":"wp","href":"https:\/\/api.w.org\/{rel}","templated":true}]}}