{"id":44,"date":"2022-10-01T18:26:00","date_gmt":"2022-10-01T18:26:00","guid":{"rendered":"https:\/\/stern-weingarten.de\/?page_id=44"},"modified":"2022-10-17T20:57:23","modified_gmt":"2022-10-17T20:57:23","slug":"der-stern-zu-weingarten","status":"publish","type":"page","link":"https:\/\/stern-weingarten.de\/index.php\/der-stern-zu-weingarten\/","title":{"rendered":"Der Stern zu Weingarten"},"content":{"rendered":"\n<p>Wir sind ein traditionelles Restaurant (se restaurer &#8211; sich erholen, sich selbst wieder herstellen). Das bedeutet, wir wollen ein Ort sein, wo Sie hingehen, um neue Kr\u00e4fte zu tanken, sich wieder aufzubauen &#8211; mehr als blo\u00dfe Nahrungsaufnahme. Darum bietet der STERN:<\/p>\n\n\n\n<ul class=\"wp-block-list\"><li>gediegene Atmosph\u00e4re<\/li><li>ein stilvolles Ambiente<\/li><li>Familienfreundliche Bedienung<\/li><li>einen typisch s\u00fcddeutschen Stadtteil-Biergarten, offen und zentral gelegen<\/li><li>klassische Gerichte<\/li><li>Deutsche und italienische K\u00fcche<\/li><li>Tolle Getr\u00e4nke, Weine und einen ausgezeichneten Espresso<\/li><\/ul>\n\n\n\n<figure class=\"wp-block-image size-large\"><img loading=\"lazy\" decoding=\"async\" width=\"683\" height=\"1024\" src=\"https:\/\/stern-weingarten.de\/wp-content\/uploads\/2022\/10\/IMG_7403-683x1024.jpg\" alt=\"\" class=\"wp-image-161\" srcset=\"https:\/\/stern-weingarten.de\/wp-content\/uploads\/2022\/10\/IMG_7403-683x1024.jpg 683w, https:\/\/stern-weingarten.de\/wp-content\/uploads\/2022\/10\/IMG_7403-200x300.jpg 200w, https:\/\/stern-weingarten.de\/wp-content\/uploads\/2022\/10\/IMG_7403-768x1152.jpg 768w, https:\/\/stern-weingarten.de\/wp-content\/uploads\/2022\/10\/IMG_7403-1024x1536.jpg 1024w, https:\/\/stern-weingarten.de\/wp-content\/uploads\/2022\/10\/IMG_7403-1365x2048.jpg 1365w, https:\/\/stern-weingarten.de\/wp-content\/uploads\/2022\/10\/IMG_7403-scaled.jpg 1707w\" sizes=\"auto, (max-width: 683px) 100vw, 683px\" \/><\/figure>\n\n\n\n<p><\/p>\n\n\n\n<figure class=\"wp-block-image size-large\"><img loading=\"lazy\" decoding=\"async\" width=\"683\" height=\"1024\" src=\"https:\/\/stern-weingarten.de\/wp-content\/uploads\/2022\/10\/IMG_7501-683x1024.jpg\" alt=\"\" class=\"wp-image-110\" srcset=\"https:\/\/stern-weingarten.de\/wp-content\/uploads\/2022\/10\/IMG_7501-683x1024.jpg 683w, https:\/\/stern-weingarten.de\/wp-content\/uploads\/2022\/10\/IMG_7501-200x300.jpg 200w, https:\/\/stern-weingarten.de\/wp-content\/uploads\/2022\/10\/IMG_7501-768x1152.jpg 768w, https:\/\/stern-weingarten.de\/wp-content\/uploads\/2022\/10\/IMG_7501-1024x1536.jpg 1024w, https:\/\/stern-weingarten.de\/wp-content\/uploads\/2022\/10\/IMG_7501-1365x2048.jpg 1365w, https:\/\/stern-weingarten.de\/wp-content\/uploads\/2022\/10\/IMG_7501-scaled.jpg 1707w\" sizes=\"auto, (max-width: 683px) 100vw, 683px\" \/><\/figure>\n\n\n\n<p><\/p>\n","protected":false},"excerpt":{"rendered":"<p>Wir sind ein traditionelles Restaurant (se restaurer &#8211; sich erholen, sich selbst wieder herstellen). Das bedeutet, wir wollen ein Ort sein, wo Sie hingehen, um neue Kr\u00e4fte zu tanken, sich wieder aufzubauen &#8211; mehr als blo\u00dfe Nahrungsaufnahme. Darum bietet der STERN: gediegene Atmosph\u00e4re ein stilvolles Ambiente Familienfreundliche Bedienung einen typisch s\u00fcddeutschen Stadtteil-Biergarten, offen und zentral &hellip; <\/p>\n<p class=\"link-more\"><a href=\"https:\/\/stern-weingarten.de\/index.php\/der-stern-zu-weingarten\/\" class=\"more-link\"><span class=\"screen-reader-text\">\u201eDer Stern zu Weingarten\u201c<\/span> weiterlesen<\/a><\/p>\n","protected":false},"author":1,"featured_media":0,"parent":0,"menu_order":0,"comment_status":"closed","ping_status":"closed","template":"","meta":{"footnotes":""},"class_list":["post-44","page","type-page","status-publish","hentry"],"_links":{"self":[{"href":"https:\/\/stern-weingarten.de\/index.php\/wp-json\/wp\/v2\/pages\/44","targetHints":{"allow":["GET"]}}],"collection":[{"href":"https:\/\/stern-weingarten.de\/index.php\/wp-json\/wp\/v2\/pages"}],"about":[{"href":"https:\/\/stern-weingarten.de\/index.php\/wp-json\/wp\/v2\/types\/page"}],"author":[{"embeddable":true,"href":"https:\/\/stern-weingarten.de\/index.php\/wp-json\/wp\/v2\/users\/1"}],"replies":[{"embeddable":true,"href":"https:\/\/stern-weingarten.de\/index.php\/wp-json\/wp\/v2\/comments?post=44"}],"version-history":[{"count":4,"href":"https:\/\/stern-weingarten.de\/index.php\/wp-json\/wp\/v2\/pages\/44\/revisions"}],"predecessor-version":[{"id":170,"href":"https:\/\/stern-weingarten.de\/index.php\/wp-json\/wp\/v2\/pages\/44\/revisions\/170"}],"wp:attachment":[{"href":"https:\/\/stern-weingarten.de\/index.php\/wp-json\/wp\/v2\/media?parent=44"}],"curies":[{"name":"wp","href":"https:\/\/api.w.org\/{rel}","templated":true}]}}