{"id":5,"date":"2022-08-03T10:29:32","date_gmt":"2022-08-03T10:29:32","guid":{"rendered":"https:\/\/stern-weingarten.de\/?page_id=5"},"modified":"2025-06-18T07:36:25","modified_gmt":"2025-06-18T07:36:25","slug":"willkommen-im-gasthaus-zum-stern","status":"publish","type":"page","link":"https:\/\/stern-weingarten.de\/","title":{"rendered":"Willkommen im Gasthaus Zum Stern"},"content":{"rendered":"\n<figure class=\"wp-block-image size-large\"><img loading=\"lazy\" decoding=\"async\" width=\"683\" height=\"1024\" src=\"https:\/\/stern-weingarten.de\/wp-content\/uploads\/2022\/10\/IMG_7458-683x1024.jpg\" alt=\"Ehepaar Ottinger\" class=\"wp-image-108\" srcset=\"https:\/\/stern-weingarten.de\/wp-content\/uploads\/2022\/10\/IMG_7458-683x1024.jpg 683w, https:\/\/stern-weingarten.de\/wp-content\/uploads\/2022\/10\/IMG_7458-200x300.jpg 200w, https:\/\/stern-weingarten.de\/wp-content\/uploads\/2022\/10\/IMG_7458-768x1152.jpg 768w, https:\/\/stern-weingarten.de\/wp-content\/uploads\/2022\/10\/IMG_7458-1024x1536.jpg 1024w, https:\/\/stern-weingarten.de\/wp-content\/uploads\/2022\/10\/IMG_7458-1365x2048.jpg 1365w, https:\/\/stern-weingarten.de\/wp-content\/uploads\/2022\/10\/IMG_7458-scaled.jpg 1707w\" sizes=\"auto, (max-width: 683px) 100vw, 683px\" \/><figcaption class=\"wp-element-caption\">Willkommen bei uns!<\/figcaption><\/figure>\n\n\n\n<p>Herzlich willkommen im STERN Weingarten bei Julia und Georg Ottinger. Wir freuen uns sehr, Sie zu verw\u00f6hnen!<\/p>\n\n\n\n<p>Wir arbeiten st\u00e4ndig daran, den &#8222;STERN&#8220; als Weingartener Wahrzeichen zu erhalten und ihn gleichzeitig zu etwas Neuem und Originellen zu machen &#8211; wir wollen Ihnen etwas Besonderes bieten.<\/p>\n\n\n\n<p>Im Herzen Weingartens gelegen, ist unser Restaurant eines der Wahrzeichen und wortw\u00f6rtlich einer der Eckpunkte der Stadt, nur Minuten von der Basilika und dem L\u00f6wenplatz entfernt, direkt am Eingang zum Wochenmarkt und unmittelbar gegen\u00fcber vom Finanzamt. <\/p>\n\n\n\n<p>Wir sehen uns als einen Ruhepol, einen Zufluchtsort, der Entspannung bietet und ein kleines bisschen gl\u00fccklich macht. Das gilt f\u00fcr Einzelne, f\u00fcr Familien und auch f\u00fcr Gruppen oder Firmen, denn wir sind auch Veranstaltungsort. <\/p>\n\n\n\n<p>Mit Parkpl\u00e4tzen direkt vor dem Haus und einem einmaligen Angebot sind wir an f\u00fcnf Tagen in der Woche f\u00fcr Sie da, um Ihr Leben erholsamer, genussvoller und ges\u00fcnder zu machen.<\/p>\n\n\n\n<p>Besuchen Sie uns bald und probieren Sie unsere regionalen oder mediterranen Gerichte aus, wir kochen saisonal und frisch!<\/p>\n\n\n\n<p>Das Gasthaus &#8222;Zum Stern&#8220; ist eines der Wahrzeichen Weingartens. Seit \u00fcber einem Jahrhundert finden Sie hier echte Weingartener Gastlichkeit.<\/p>\n\n\n\n<p><\/p>\n","protected":false},"excerpt":{"rendered":"<p>Herzlich willkommen im STERN Weingarten bei Julia und Georg Ottinger. Wir freuen uns sehr, Sie zu verw\u00f6hnen! Wir arbeiten st\u00e4ndig daran, den &#8222;STERN&#8220; als Weingartener Wahrzeichen zu erhalten und ihn gleichzeitig zu etwas Neuem und Originellen zu machen &#8211; wir wollen Ihnen etwas Besonderes bieten. Im Herzen Weingartens gelegen, ist unser Restaurant eines der Wahrzeichen &hellip; <\/p>\n<p class=\"link-more\"><a href=\"https:\/\/stern-weingarten.de\/\" class=\"more-link\"><span class=\"screen-reader-text\">\u201eWillkommen im Gasthaus Zum Stern\u201c<\/span> weiterlesen<\/a><\/p>\n","protected":false},"author":1,"featured_media":0,"parent":0,"menu_order":0,"comment_status":"closed","ping_status":"closed","template":"","meta":{"footnotes":""},"class_list":["post-5","page","type-page","status-publish","hentry"],"_links":{"self":[{"href":"https:\/\/stern-weingarten.de\/index.php\/wp-json\/wp\/v2\/pages\/5","targetHints":{"allow":["GET"]}}],"collection":[{"href":"https:\/\/stern-weingarten.de\/index.php\/wp-json\/wp\/v2\/pages"}],"about":[{"href":"https:\/\/stern-weingarten.de\/index.php\/wp-json\/wp\/v2\/types\/page"}],"author":[{"embeddable":true,"href":"https:\/\/stern-weingarten.de\/index.php\/wp-json\/wp\/v2\/users\/1"}],"replies":[{"embeddable":true,"href":"https:\/\/stern-weingarten.de\/index.php\/wp-json\/wp\/v2\/comments?post=5"}],"version-history":[{"count":12,"href":"https:\/\/stern-weingarten.de\/index.php\/wp-json\/wp\/v2\/pages\/5\/revisions"}],"predecessor-version":[{"id":769,"href":"https:\/\/stern-weingarten.de\/index.php\/wp-json\/wp\/v2\/pages\/5\/revisions\/769"}],"wp:attachment":[{"href":"https:\/\/stern-weingarten.de\/index.php\/wp-json\/wp\/v2\/media?parent=5"}],"curies":[{"name":"wp","href":"https:\/\/api.w.org\/{rel}","templated":true}]}}