{"id":62,"date":"2022-10-03T10:44:22","date_gmt":"2022-10-03T10:44:22","guid":{"rendered":"https:\/\/stern-weingarten.de\/?page_id=62"},"modified":"2022-10-17T21:08:00","modified_gmt":"2022-10-17T21:08:00","slug":"ihr-und-wir","status":"publish","type":"page","link":"https:\/\/stern-weingarten.de\/index.php\/ihr-und-wir\/","title":{"rendered":"Ihr und wir"},"content":{"rendered":"\n<p>Wir f\u00fchlen uns in Weingarten wohl. Hier arbeiten wir bereits seit Jahren in der Gastronomie und sind pers\u00f6nlich und famili\u00e4r eingebunden.<\/p>\n\n\n\n<figure class=\"wp-block-image size-large\"><img loading=\"lazy\" decoding=\"async\" width=\"1024\" height=\"683\" src=\"https:\/\/stern-weingarten.de\/wp-content\/uploads\/2022\/10\/IMG_7503-1024x683.jpg\" alt=\"\" class=\"wp-image-175\" srcset=\"https:\/\/stern-weingarten.de\/wp-content\/uploads\/2022\/10\/IMG_7503-1024x683.jpg 1024w, https:\/\/stern-weingarten.de\/wp-content\/uploads\/2022\/10\/IMG_7503-300x200.jpg 300w, https:\/\/stern-weingarten.de\/wp-content\/uploads\/2022\/10\/IMG_7503-768x512.jpg 768w, https:\/\/stern-weingarten.de\/wp-content\/uploads\/2022\/10\/IMG_7503-1536x1024.jpg 1536w, https:\/\/stern-weingarten.de\/wp-content\/uploads\/2022\/10\/IMG_7503-2048x1365.jpg 2048w\" sizes=\"auto, (max-width: 767px) 89vw, (max-width: 1000px) 54vw, (max-width: 1071px) 543px, 580px\" \/><\/figure>\n","protected":false},"excerpt":{"rendered":"<p>Wir f\u00fchlen uns in Weingarten wohl. Hier arbeiten wir bereits seit Jahren in der Gastronomie und sind pers\u00f6nlich und famili\u00e4r eingebunden.<\/p>\n","protected":false},"author":1,"featured_media":0,"parent":0,"menu_order":0,"comment_status":"closed","ping_status":"closed","template":"","meta":{"footnotes":""},"class_list":["post-62","page","type-page","status-publish","hentry"],"_links":{"self":[{"href":"https:\/\/stern-weingarten.de\/index.php\/wp-json\/wp\/v2\/pages\/62","targetHints":{"allow":["GET"]}}],"collection":[{"href":"https:\/\/stern-weingarten.de\/index.php\/wp-json\/wp\/v2\/pages"}],"about":[{"href":"https:\/\/stern-weingarten.de\/index.php\/wp-json\/wp\/v2\/types\/page"}],"author":[{"embeddable":true,"href":"https:\/\/stern-weingarten.de\/index.php\/wp-json\/wp\/v2\/users\/1"}],"replies":[{"embeddable":true,"href":"https:\/\/stern-weingarten.de\/index.php\/wp-json\/wp\/v2\/comments?post=62"}],"version-history":[{"count":2,"href":"https:\/\/stern-weingarten.de\/index.php\/wp-json\/wp\/v2\/pages\/62\/revisions"}],"predecessor-version":[{"id":176,"href":"https:\/\/stern-weingarten.de\/index.php\/wp-json\/wp\/v2\/pages\/62\/revisions\/176"}],"wp:attachment":[{"href":"https:\/\/stern-weingarten.de\/index.php\/wp-json\/wp\/v2\/media?parent=62"}],"curies":[{"name":"wp","href":"https:\/\/api.w.org\/{rel}","templated":true}]}}