{"id":64,"date":"2022-10-03T10:45:01","date_gmt":"2022-10-03T10:45:01","guid":{"rendered":"https:\/\/stern-weingarten.de\/?page_id=64"},"modified":"2022-10-03T10:45:01","modified_gmt":"2022-10-03T10:45:01","slug":"geschichte","status":"publish","type":"page","link":"https:\/\/stern-weingarten.de\/index.php\/geschichte\/","title":{"rendered":"Geschichte"},"content":{"rendered":"\n<p>Der STERN zu Weingarten hat eine \u00fcber hundertj\u00e4hrige Tradition. In unserem Gastraum h\u00e4ngt eine kolorierte Tuschezeichnung, ein Original, das \u00fcber hundert Jahre alt ist und unser Geb\u00e4ude zeigt, wie es in einer anderen Zeit war: in einer Stadt ohne Autos, mit Pferdefuhrwerken, Mode der vorletzten Jahrhundertwende, Kindern, die auf der Stra\u00dfe spielten und leider auch mit Soldaten, die den zerst\u00f6rerischen Militarismus der Zeit repr\u00e4sentierten. Durch den Wechsel der Zeiten blieb unser Haus ein Weingartener Wahrzeichen. Machen wir auch in diesen neuen Zeiten gemeinsam das Beste aus unserem Miteinander in freundlicher Gemeinsamkeit!<\/p>\n","protected":false},"excerpt":{"rendered":"<p>Der STERN zu Weingarten hat eine \u00fcber hundertj\u00e4hrige Tradition. In unserem Gastraum h\u00e4ngt eine kolorierte Tuschezeichnung, ein Original, das \u00fcber hundert Jahre alt ist und unser Geb\u00e4ude zeigt, wie es in einer anderen Zeit war: in einer Stadt ohne Autos, mit Pferdefuhrwerken, Mode der vorletzten Jahrhundertwende, Kindern, die auf der Stra\u00dfe spielten und leider auch &hellip; <\/p>\n<p class=\"link-more\"><a href=\"https:\/\/stern-weingarten.de\/index.php\/geschichte\/\" class=\"more-link\"><span class=\"screen-reader-text\">\u201eGeschichte\u201c<\/span> weiterlesen<\/a><\/p>\n","protected":false},"author":1,"featured_media":0,"parent":0,"menu_order":0,"comment_status":"closed","ping_status":"closed","template":"","meta":{"footnotes":""},"class_list":["post-64","page","type-page","status-publish","hentry"],"_links":{"self":[{"href":"https:\/\/stern-weingarten.de\/index.php\/wp-json\/wp\/v2\/pages\/64","targetHints":{"allow":["GET"]}}],"collection":[{"href":"https:\/\/stern-weingarten.de\/index.php\/wp-json\/wp\/v2\/pages"}],"about":[{"href":"https:\/\/stern-weingarten.de\/index.php\/wp-json\/wp\/v2\/types\/page"}],"author":[{"embeddable":true,"href":"https:\/\/stern-weingarten.de\/index.php\/wp-json\/wp\/v2\/users\/1"}],"replies":[{"embeddable":true,"href":"https:\/\/stern-weingarten.de\/index.php\/wp-json\/wp\/v2\/comments?post=64"}],"version-history":[{"count":1,"href":"https:\/\/stern-weingarten.de\/index.php\/wp-json\/wp\/v2\/pages\/64\/revisions"}],"predecessor-version":[{"id":65,"href":"https:\/\/stern-weingarten.de\/index.php\/wp-json\/wp\/v2\/pages\/64\/revisions\/65"}],"wp:attachment":[{"href":"https:\/\/stern-weingarten.de\/index.php\/wp-json\/wp\/v2\/media?parent=64"}],"curies":[{"name":"wp","href":"https:\/\/api.w.org\/{rel}","templated":true}]}}